{"id":36,"date":"2021-02-15T11:19:29","date_gmt":"2021-02-15T10:19:29","guid":{"rendered":"http:\/\/www.strickscheid.de\/?page_id=36"},"modified":"2021-02-15T11:23:45","modified_gmt":"2021-02-15T10:23:45","slug":"gemeindewappen","status":"publish","type":"page","link":"http:\/\/www.strickscheid.de\/?page_id=36","title":{"rendered":"Gemeindewappen"},"content":{"rendered":"\n<p><strong>Blasonierung:<\/strong><\/p>\n\n\n\n<div class=\"wp-block-image\"><figure class=\"alignright size-large\"><img loading=\"lazy\" decoding=\"async\" width=\"120\" height=\"130\" src=\"http:\/\/www.strickscheid.de\/wp-content\/uploads\/2021\/02\/Wappen.gif\" alt=\"Bild: Wappen der Ortsgemeinde Strickscheid\" class=\"wp-image-32\"\/><\/figure><\/div>\n\n\n\n<p>Unter rotem Schildhaupt, darin ein silberner Baumstubben, in Silber \u00fcber gr\u00fcnem Dreiberg ein rotes, f\u00fcnfbogiges Viadukt mit silberner, gemauerter Br\u00fcstung.<\/p>\n\n\n\n<p><strong>Wappenbegr\u00fcndung:<\/strong><\/p>\n\n\n\n<p>Die Region war w\u00e4hrend der ersten Jahrtausendwende Besitztum der Abtei Pr\u00fcm. Verwaltet wurden die Gebiete von V\u00f6gten, die von dem Grafen von Vianden gestellt wurden. Auch nachdem die Viandener Grafen Lehensabh\u00e4ngige von Luxemburg wurden, konnten sie Ihre Vogteien behalten, mit entsprechenden Abgaben an den Landesherren in Luxemburg. Die Wappenfarben der Abtei Pr\u00fcm und die der Grafschaft Vianden war stets Rot und Silber. Das wurde auch f\u00fcr das vorliegende Wappen \u00fcbernommen. Die H\u00f6henlage wird durch den Gr\u00fcnen Dreiberg symbolisiert und die Gr\u00fcndung in der sp\u00e4tmittelalterlichen Rodungsphase durch einen silbernen Baumstubben im Schildhaupt. Darunter erstreckt sich \u00fcber die gesamte Wappenbreite das imposante Viadukt von 1907, welches das enge \u00f6stlich gelegene Zugangstal zum Ort \u00fcberspannt.<\/p>\n\n\n\n<p><strong>Planung, Entwurf und Zeichnung:<\/strong><\/p>\n\n\n\n<p><em>Dr. Christian Credner, Lambertsberg 2017; unter Beteiligung des Ortsb\u00fcrgermeisters Albert Thiex und seiner Ehefrau Maria Thiex, der Gemeindemitglieder Josef und Matthias Arnoldi, Kerstin und Horst Meyer sowie Josef Gompelmann.<\/em><\/p>\n","protected":false},"excerpt":{"rendered":"<p>Blasonierung: Unter rotem Schildhaupt, darin ein silberner Baumstubben, in Silber \u00fcber gr\u00fcnem Dreiberg ein rotes, f\u00fcnfbogiges Viadukt mit silberner, gemauerter Br\u00fcstung. Wappenbegr\u00fcndung: Die Region war w\u00e4hrend der ersten Jahrtausendwende Besitztum der Abtei Pr\u00fcm. Verwaltet wurden die Gebiete von V\u00f6gten, die<\/p>\n","protected":false},"author":1,"featured_media":0,"parent":0,"menu_order":0,"comment_status":"closed","ping_status":"closed","template":"","meta":{"footnotes":""},"class_list":["post-36","page","type-page","status-publish","hentry"],"_links":{"self":[{"href":"http:\/\/www.strickscheid.de\/index.php?rest_route=\/wp\/v2\/pages\/36","targetHints":{"allow":["GET"]}}],"collection":[{"href":"http:\/\/www.strickscheid.de\/index.php?rest_route=\/wp\/v2\/pages"}],"about":[{"href":"http:\/\/www.strickscheid.de\/index.php?rest_route=\/wp\/v2\/types\/page"}],"author":[{"embeddable":true,"href":"http:\/\/www.strickscheid.de\/index.php?rest_route=\/wp\/v2\/users\/1"}],"replies":[{"embeddable":true,"href":"http:\/\/www.strickscheid.de\/index.php?rest_route=%2Fwp%2Fv2%2Fcomments&post=36"}],"version-history":[{"count":2,"href":"http:\/\/www.strickscheid.de\/index.php?rest_route=\/wp\/v2\/pages\/36\/revisions"}],"predecessor-version":[{"id":55,"href":"http:\/\/www.strickscheid.de\/index.php?rest_route=\/wp\/v2\/pages\/36\/revisions\/55"}],"wp:attachment":[{"href":"http:\/\/www.strickscheid.de\/index.php?rest_route=%2Fwp%2Fv2%2Fmedia&parent=36"}],"curies":[{"name":"wp","href":"https:\/\/api.w.org\/{rel}","templated":true}]}}